{"id":536,"date":"2024-12-24T02:32:13","date_gmt":"2024-12-24T01:32:13","guid":{"rendered":"https:\/\/qr.version2.hr\/?page_id=536"},"modified":"2024-12-24T02:32:37","modified_gmt":"2024-12-24T01:32:37","slug":"terms-and-conditions","status":"publish","type":"page","link":"https:\/\/qr.version2.hr\/hr\/odredbe-i-uvjeti\/","title":{"rendered":"Odredbe i uvjeti"},"content":{"rendered":"<h1 class=\"wp-block-heading\">Odredbe i uvjeti<\/h1>\n\n\n\n<p>Zadnje a\u017euriranje: 24. prosinca 2024<\/p>\n\n\n\n<p>Pa\u017eljivo pro\u010ditajte ove uvjete prije kori\u0161tenja na\u0161e usluge.<\/p>\n\n\n\n<h2 class=\"wp-block-heading\">Tuma\u010denje i definicije<\/h2>\n\n\n\n<h3 class=\"wp-block-heading\">Tuma\u010denje<\/h3>\n\n\n\n<p>Rije\u010di \u010dije je po\u010detno slovo veliko imaju zna\u010denja definirana pod sljede\u0107im uvjetima. Sljede\u0107e definicije imaju isto zna\u010denje bez obzira da li se pojavljuju u jednini ili mno\u017eini.<\/p>\n\n\n\n<h3 class=\"wp-block-heading\">Definicije<\/h3>\n\n\n\n<p>Za potrebe ovih Uvjeta i odredbi:<\/p>\n\n\n\n<ul class=\"wp-block-list\">\n<li><strong>Affiliate<\/strong>\u00a0zna\u010di subjekt koji kontrolira, kontrolira ga ili je pod zajedni\u010dkom kontrolom sa stranom, pri \u010demu &quot;kontrola&quot; zna\u010di vlasni\u0161tvo nad 50% ili vi\u0161e dionica, vlasni\u010dkog udjela ili drugih vrijednosnih papira s pravom glasa za izbor direktora ili drugog upravlja\u010dkog tijela.<\/li>\n\n\n\n<li><strong>Zemlja<\/strong>\u00a0odnosi se na: Hrvatsku<\/li>\n\n\n\n<li><strong>Tvrtka<\/strong>\u00a0(u ovom Ugovoru u tekstu \u201eDru\u0161tvo\u201c, \u201eMi\u201c, \u201eNas\u201c ili \u201eNa\u0161\u201c) odnosi se na Version2 jdoo, Novigradska 21.<\/li>\n\n\n\n<li><strong>Ure\u0111aj<\/strong>\u00a0zna\u010di bilo koji ure\u0111aj koji mo\u017ee pristupiti Usluzi kao \u0161to je ra\u010dunalo, mobilni telefon ili digitalni tablet.<\/li>\n\n\n\n<li><strong>Servis<\/strong>\u00a0odnosi se na web stranicu.<\/li>\n\n\n\n<li><strong>Odredbe i uvjeti<\/strong>\u00a0(koji se tako\u0111er nazivaju &quot;Uvjeti&quot;) zna\u010de ove Odredbe i uvjete koji \u010dine cjelokupni ugovor izme\u0111u Vas i Dru\u0161tva u vezi s kori\u0161tenjem Usluge. <\/li>\n\n\n\n<li><strong>Usluga dru\u0161tvenih medija tre\u0107e strane<\/strong>\u00a0zna\u010di sve usluge ili sadr\u017eaj (uklju\u010duju\u0107i podatke, informacije, proizvode ili usluge) koje pru\u017ea tre\u0107a strana, a koji se mogu prikazati, uklju\u010diti ili u\u010diniti dostupnim putem Usluge.<\/li>\n\n\n\n<li><strong>Web stranica<\/strong>\u00a0odnosi se na QuickQR, dostupan s\u00a0<a href=\"https:\/\/www.termsfeed.com\/live\/qr.version2.hr\" target=\"_blank\" rel=\"noreferrer noopener\">qr.verzija2.hr<\/a><\/li>\n\n\n\n<li><strong>Vas<\/strong>\u00a0ozna\u010dava pojedinca koji pristupa ili koristi uslugu, ili tvrtku ili drugu pravnu osobu u ime koje takva osoba pristupa ili koristi uslugu, prema potrebi.<\/li>\n<\/ul>\n\n\n\n<h2 class=\"wp-block-heading\">Priznanje<\/h2>\n\n\n\n<p>Ovo su Uvjeti i odredbe koji reguliraju kori\u0161tenje ove usluge i ugovor koji vrijedi izme\u0111u Vas i Dru\u0161tva. Ovim Uvjetima utvr\u0111ena su prava i obveze svih korisnika u vezi s kori\u0161tenjem usluge.<\/p>\n\n\n\n<p>Va\u0161 pristup i kori\u0161tenje usluge uvjetovani su va\u0161im prihva\u0107anjem i po\u0161tivanjem ovih Uvjeta i odredbi. Ovi Uvjeti i odredbe odnose se na sve posjetitelje, korisnike i druge koji pristupaju ili koriste Uslugu.<\/p>\n\n\n\n<p>Pristupom ili kori\u0161tenjem usluge suglasni ste biti vezani ovim Uvjetima i odredbama. Ako se ne sla\u017eete s bilo kojim dijelom ovih Uvjeta i odredbi, ne mo\u017eete pristupiti Usluzi.<\/p>\n\n\n\n<p>Izjavljujete da ste stariji od 18 godina. Tvrtka ne dopu\u0161ta osobama mla\u0111ima od 18 godina kori\u0161tenje usluge.<\/p>\n\n\n\n<p>Va\u0161 pristup i kori\u0161tenje usluge tako\u0111er je uvjetovano va\u0161im prihva\u0107anjem i uskla\u0111eno\u0161\u0107u s Politikom privatnosti Dru\u0161tva. Na\u0161a Pravila o privatnosti opisuju na\u0161a pravila i postupke o prikupljanju, kori\u0161tenju i otkrivanju va\u0161ih osobnih podataka kada koristite aplikaciju ili web mjesto i govori vam o va\u0161im pravima na privatnost i kako vas zakon \u0161titi. Pa\u017eljivo pro\u010ditajte na\u0161u Politiku privatnosti prije kori\u0161tenja na\u0161e usluge.<\/p>\n\n\n\n<h2 class=\"wp-block-heading\">Veze na druge web stranice<\/h2>\n\n\n\n<p>Na\u0161a usluga mo\u017ee sadr\u017eavati poveznice na web stranice ili usluge tre\u0107ih strana koje nisu u vlasni\u0161tvu ili pod kontrolom Dru\u0161tva.<\/p>\n\n\n\n<p>Tvrtka nema nadzor nad sadr\u017eajem, pravilima o privatnosti ili praksama web stranica ili usluga tre\u0107ih strana i ne preuzima odgovornost za njih. Nadalje potvr\u0111ujete i sla\u017eete se da Tvrtka ne\u0107e biti odgovorna ili odgovorna, izravno ili neizravno, za bilo kakvu \u0161tetu ili gubitak uzrokovan ili navodno uzrokovan kori\u0161tenjem ili oslanjanjem na bilo koji takav sadr\u017eaj, robu ili usluge dostupne na ili putem bilo koje takve web stranice ili usluge.<\/p>\n\n\n\n<p>Toplo Vam savjetujemo da pro\u010ditate odredbe i uvjete te pravila o privatnosti svih web stranica ili usluga tre\u0107ih strana koje posje\u0107ujete.<\/p>\n\n\n\n<h2 class=\"wp-block-heading\">Raskid<\/h2>\n\n\n\n<p>Mo\u017eemo prekinuti ili obustaviti va\u0161 pristup odmah, bez prethodne obavijesti ili odgovornosti, iz bilo kojeg razloga, uklju\u010duju\u0107i bez ograni\u010denja ako prekr\u0161ite ove Uvjete i odredbe.<\/p>\n\n\n\n<p>Nakon raskida, Va\u0161e pravo kori\u0161tenja Usluge \u0107e odmah prestati.<\/p>\n\n\n\n<h2 class=\"wp-block-heading\">Ograni\u010denje odgovornosti<\/h2>\n\n\n\n<p>Bez obzira na bilo kakvu \u0161tetu koju biste mogli pretrpjeti, cjelokupna odgovornost Dru\u0161tva i bilo kojeg od njegovih dobavlja\u010da prema bilo kojoj odredbi ovih Uvjeta i Va\u0161 isklju\u010divi pravni lijek za sve gore navedeno bit \u0107e ograni\u010deni na iznos koji ste stvarno platili putem Usluge ili 100 USD ako niste ni\u0161ta kupili putem Usluge.<\/p>\n\n\n\n<p>U najve\u0107oj mjeri dopu\u0161tenoj primjenjivim zakonom, ni u kojem slu\u010daju Tvrtka ili njezini dobavlja\u010di ne\u0107e biti odgovorni za bilo kakve posebne, slu\u010dajne, neizravne ili posljedi\u010dne \u0161tete (uklju\u010duju\u0107i, ali ne ograni\u010davaju\u0107i se na, \u0161tete zbog gubitka dobiti, gubitka podataka ili druge informacije, za prekid poslovanja, za osobne ozljede, gubitak privatnosti koji proizlazi iz ili je na bilo koji na\u010din povezan s kori\u0161tenjem ili nemogu\u0107no\u0161\u0107u kori\u0161tenja usluge, softvera tre\u0107e strane i\/ili hardver tre\u0107e strane koji se koristi s Uslugom ili na drugi na\u010din u vezi s bilo kojom odredbom ovih Uvjeta), \u010dak i ako je Tvrtka ili bilo koji dobavlja\u010d obavije\u0161ten o mogu\u0107nosti takve \u0161tete i \u010dak i ako pravni lijek ne ispuni svoju osnovnu svrhu.<\/p>\n\n\n\n<p>Neke dr\u017eave ne dopu\u0161taju isklju\u010divanje implicitnih jamstava ili ograni\u010denje odgovornosti za slu\u010dajne ili posljedi\u010dne \u0161tete, \u0161to zna\u010di da se neka od gore navedenih ograni\u010denja mo\u017eda ne\u0107e primjenjivati. U tim \u0107e dr\u017eavama odgovornost svake strane biti ograni\u010dena u najve\u0107oj mjeri dopu\u0161tenoj zakonom.<\/p>\n\n\n\n<h2 class=\"wp-block-heading\">Odricanje od odgovornosti &quot;KAKVO JE&quot; i &quot;KAKO JE DOSTUPNO&quot;.<\/h2>\n\n\n\n<p>Usluga vam se pru\u017ea &quot;KAKVA JEST&quot; i &quot;KAKVA JE DOSTUPNA&quot; i sa svim gre\u0161kama i nedostacima bez jamstva bilo koje vrste. U najve\u0107oj mjeri dopu\u0161tenoj va\u017ee\u0107im zakonom, Dru\u0161tvo, u svoje ime i u ime svojih povezanih dru\u0161tava i svojih i njihovih odgovaraju\u0107ih davatelja licenci i pru\u017eatelja usluga, izri\u010dito se odri\u010de svih jamstava, bilo izri\u010ditih, implicitnih, zakonskih ili drugih, u pogledu Usluga, uklju\u010duju\u0107i sva implicirana jamstva o utr\u017eivosti, prikladnosti za odre\u0111enu svrhu, naslov i nekr\u0161enje, te jamstva koja mogu proiza\u0107i iz naravno poslovanja, tijeka izvedbe, uporabe ili trgova\u010dke prakse. Bez ograni\u010denja na prethodno navedeno, Tvrtka ne daje nikakvo jamstvo niti obvezu te ne daje nikakvu izjavu bilo koje vrste da \u0107e Usluga ispuniti Va\u0161e zahtjeve, posti\u0107i bilo kakve \u017eeljene rezultate, biti kompatibilna ili raditi s bilo kojim drugim softverom, aplikacijama, sustavima ili uslugama, funkcionirati bez prekida, zadovoljavati sve standarde izvedbe ili pouzdanosti ili biti bez gre\u0161aka ili da se sve pogre\u0161ke ili nedostaci mogu ili \u0107e biti ispravljeni.<\/p>\n\n\n\n<p>Bez ograni\u010davanja prethodno navedenog, niti Tvrtka niti bilo koji pru\u017eatelj tvrtke ne daje nikakvu izjavu ili jamstvo bilo koje vrste, izri\u010dito ili podrazumijevano: (i) u pogledu rada ili dostupnosti Usluge ili informacija, sadr\u017eaja i materijala ili proizvoda uklju\u010deno u njega; (ii) da \u0107e Usluga biti neprekinuta ili bez gre\u0161aka; (iii) u pogledu to\u010dnosti, pouzdanosti ili aktualnosti bilo koje informacije ili sadr\u017eaja pru\u017eenog putem Usluge; ili (iv) da Usluga, njezini poslu\u017eitelji, sadr\u017eaj ili e-po\u0161ta poslana iz ili u ime Dru\u0161tva ne sadr\u017ei viruse, skripte, trojanske konje, crve, malware, vremenske bombe ili druge \u0161tetne komponente.<\/p>\n\n\n\n<p>Neke jurisdikcije ne dopu\u0161taju isklju\u010divanje odre\u0111enih vrsta jamstava ili ograni\u010denja primjenjivih zakonskih prava potro\u0161a\u010da, tako da se neka ili sva gore navedena isklju\u010denja i ograni\u010denja mo\u017eda ne odnose na vas. Ali u tom slu\u010daju \u0107e se isklju\u010divanja i ograni\u010denja navedena u ovom odjeljku primijeniti u najve\u0107oj mjeri provedivoj prema primjenjivom zakonu.<\/p>\n\n\n\n<h2 class=\"wp-block-heading\">Mjerodavno pravo<\/h2>\n\n\n\n<p>Zakoni zemlje, isklju\u010duju\u0107i pravila o sukobu zakona, regulirat \u0107e ove Uvjete i va\u0161u upotrebu usluge. Va\u0161e kori\u0161tenje Aplikacije tako\u0111er mo\u017ee podlijegati drugim lokalnim, dr\u017eavnim, nacionalnim ili me\u0111unarodnim zakonima.<\/p>\n\n\n\n<h2 class=\"wp-block-heading\">Rje\u0161avanje sporova<\/h2>\n\n\n\n<p>Ako imate bilo kakvih nedoumica ili sporova u vezi s uslugom, suglasni ste da \u0107ete najprije neformalno poku\u0161ati rije\u0161iti spor kontaktiranjem Dru\u0161tva.<\/p>\n\n\n\n<h2 class=\"wp-block-heading\">Za korisnike Europske unije (EU).<\/h2>\n\n\n\n<p>Ako ste potro\u0161a\u010d Europske unije, imat \u0107ete koristi od svih obveznih odredbi zakona zemlje u kojoj \u017eivite.<\/p>\n\n\n\n<h2 class=\"wp-block-heading\">Zakonska uskla\u0111enost Sjedinjenih Dr\u017eava<\/h2>\n\n\n\n<p>Izjavljujete i jam\u010dite da (i) se ne nalazite u zemlji koja je pod embargom vlade Sjedinjenih Dr\u017eava ili koju je vlada Sjedinjenih Dr\u017eava ozna\u010dila kao zemlju koja &quot;podr\u017eava teroriste&quot;, i (ii) niste na popisu bilo koje vlade Sjedinjenih Dr\u017eava zabranjenih ili ograni\u010denih strana.<\/p>\n\n\n\n<h2 class=\"wp-block-heading\">Raskidivost i odricanje<\/h2>\n\n\n\n<h3 class=\"wp-block-heading\">Odvojivost<\/h3>\n\n\n\n<p>Ako se bilo koja odredba ovih Uvjeta smatra neprovedivom ili neva\u017ee\u0107om, takva \u0107e se odredba promijeniti i tuma\u010diti kako bi se postigli ciljevi takve odredbe u najve\u0107oj mogu\u0107oj mjeri prema primjenjivom zakonu, a preostale odredbe \u0107e i dalje biti na snazi i u\u010dinku.<\/p>\n\n\n\n<h3 class=\"wp-block-heading\">Odricanje<\/h3>\n\n\n\n<p>Osim kako je ovdje navedeno, neuspjeh u ostvarivanju prava ili zahtijevanju izvr\u0161enja obveze prema ovim Uvjetima ne\u0107e utjecati na mogu\u0107nost strane da ostvari takvo pravo ili zahtijeva takvo izvr\u0161enje u bilo kojem trenutku nakon toga niti \u0107e odricanje od kr\u0161enja predstavljati odricanje od svako naknadno kr\u0161enje.<\/p>\n\n\n\n<h2 class=\"wp-block-heading\">Prijevod Tuma\u010denje<\/h2>\n\n\n\n<p>Ovi Uvjeti i odredbe mogu biti prevedeni ako smo vam ih u\u010dinili dostupnima na na\u0161oj usluzi. Sla\u017eete se da \u0107e izvorni engleski tekst prevladati u slu\u010daju spora.<\/p>\n\n\n\n<h2 class=\"wp-block-heading\">Promjene ovih Uvjeta i odredbi<\/h2>\n\n\n\n<p>Zadr\u017eavamo pravo, prema vlastitom naho\u0111enju, izmijeniti ili zamijeniti ove Uvjete u bilo kojem trenutku. Ako je revizija materijalna, ulo\u017eit \u0107emo razumne napore da damo obavijest najmanje 30 dana prije stupanja na snagu novih uvjeta. \u0160to predstavlja materijalnu promjenu odredit \u0107emo po na\u0161em vlastitom naho\u0111enju.<\/p>\n\n\n\n<p>Nastavkom pristupa ili kori\u0161tenja na\u0161e usluge nakon \u0161to te revizije stupe na snagu, sla\u017eete se da \u0107ete biti vezani revidiranim uvjetima. Ako se ne sla\u017eete s novim uvjetima, u cijelosti ili djelomi\u010dno, prestanite koristiti web stranicu i uslugu.<\/p>\n\n\n\n<h2 class=\"wp-block-heading\">Kontaktirajte nas<\/h2>\n\n\n\n<p>Ako imate pitanja o ovim Uvjetima, mo\u017eete nas kontaktirati:<\/p>\n\n\n\n<ul class=\"wp-block-list\">\n<li>Elektronskom po\u0161tom: office@version2.hr<\/li>\n\n\n\n<li>Na broj telefona: 0995617706<\/li>\n<\/ul>\n\n\n\n<p><\/p>","protected":false},"excerpt":{"rendered":"<p>Odredbe i uvjeti Zadnje a\u017euriranje: 24. prosinca 2024. Pa\u017eljivo pro\u010ditajte ove odredbe i uvjete prije kori\u0161tenja na\u0161e usluge. Tuma\u010denje [\u2026]<\/p>","protected":false},"author":1,"featured_media":0,"parent":0,"menu_order":0,"comment_status":"closed","ping_status":"closed","template":"","meta":{"site-sidebar-layout":"default","site-content-layout":"","ast-site-content-layout":"narrow-width-container","site-content-style":"default","site-sidebar-style":"default","ast-global-header-display":"","ast-banner-title-visibility":"","ast-main-header-display":"","ast-hfb-above-header-display":"","ast-hfb-below-header-display":"","ast-hfb-mobile-header-display":"","site-post-title":"","ast-breadcrumbs-content":"","ast-featured-img":"","footer-sml-layout":"","ast-disable-related-posts":"","theme-transparent-header-meta":"","adv-header-id-meta":"","stick-header-meta":"","header-above-stick-meta":"","header-main-stick-meta":"","header-below-stick-meta":"","astra-migrate-meta-layouts":"default","ast-page-background-enabled":"default","ast-page-background-meta":{"desktop":{"background-color":"var(--ast-global-color-4)","background-image":"","background-repeat":"repeat","background-position":"center center","background-size":"auto","background-attachment":"scroll","background-type":"","background-media":"","overlay-type":"","overlay-color":"","overlay-opacity":"","overlay-gradient":""},"tablet":{"background-color":"","background-image":"","background-repeat":"repeat","background-position":"center center","background-size":"auto","background-attachment":"scroll","background-type":"","background-media":"","overlay-type":"","overlay-color":"","overlay-opacity":"","overlay-gradient":""},"mobile":{"background-color":"","background-image":"","background-repeat":"repeat","background-position":"center center","background-size":"auto","background-attachment":"scroll","background-type":"","background-media":"","overlay-type":"","overlay-color":"","overlay-opacity":"","overlay-gradient":""}},"ast-content-background-meta":{"desktop":{"background-color":"var(--ast-global-color-5)","background-image":"","background-repeat":"repeat","background-position":"center center","background-size":"auto","background-attachment":"scroll","background-type":"","background-media":"","overlay-type":"","overlay-color":"","overlay-opacity":"","overlay-gradient":""},"tablet":{"background-color":"var(--ast-global-color-5)","background-image":"","background-repeat":"repeat","background-position":"center center","background-size":"auto","background-attachment":"scroll","background-type":"","background-media":"","overlay-type":"","overlay-color":"","overlay-opacity":"","overlay-gradient":""},"mobile":{"background-color":"var(--ast-global-color-5)","background-image":"","background-repeat":"repeat","background-position":"center center","background-size":"auto","background-attachment":"scroll","background-type":"","background-media":"","overlay-type":"","overlay-color":"","overlay-opacity":"","overlay-gradient":""}},"footnotes":""},"class_list":["post-536","page","type-page","status-publish","hentry"],"yoast_head":"<!-- This site is optimized with the Yoast SEO plugin v27.4 - https:\/\/yoast.com\/product\/yoast-seo-wordpress\/ -->\n<title>Terms and Conditions | QuickQR - by Version2<\/title>\n<meta name=\"robots\" content=\"noindex, follow\" \/>\n<meta property=\"og:locale\" content=\"hr_HR\" \/>\n<meta property=\"og:type\" content=\"article\" \/>\n<meta property=\"og:title\" content=\"Terms and Conditions | QuickQR - by Version2\" \/>\n<meta property=\"og:description\" content=\"Terms and Conditions Last updated: December 24, 2024 Please read these terms and conditions carefully before using Our Service. Interpretation [&hellip;]\" \/>\n<meta property=\"og:url\" content=\"https:\/\/qr.version2.hr\/hr\/odredbe-i-uvjeti\/\" \/>\n<meta property=\"og:site_name\" content=\"QuickQR - by Version2\" \/>\n<meta property=\"article:modified_time\" content=\"2024-12-24T01:32:37+00:00\" \/>\n<meta property=\"og:image\" content=\"https:\/\/qr.version2.hr\/wp-content\/uploads\/2024\/12\/QuickQR.png\" \/>\n\t<meta property=\"og:image:width\" content=\"591\" \/>\n\t<meta property=\"og:image:height\" content=\"226\" \/>\n\t<meta property=\"og:image:type\" content=\"image\/png\" \/>\n<meta name=\"twitter:card\" content=\"summary_large_image\" \/>\n<meta name=\"twitter:label1\" content=\"Procijenjeno vrijeme \u010ditanja\" \/>\n\t<meta name=\"twitter:data1\" content=\"8 minuta\" \/>\n<script type=\"application\/ld+json\" class=\"yoast-schema-graph\">{\"@context\":\"https:\\\/\\\/schema.org\",\"@graph\":[{\"@type\":\"WebPage\",\"@id\":\"https:\\\/\\\/qr.version2.hr\\\/terms-and-conditions\\\/\",\"url\":\"https:\\\/\\\/qr.version2.hr\\\/terms-and-conditions\\\/\",\"name\":\"Terms and Conditions | QuickQR - by Version2\",\"isPartOf\":{\"@id\":\"https:\\\/\\\/qr.version2.hr\\\/#website\"},\"datePublished\":\"2024-12-24T01:32:13+00:00\",\"dateModified\":\"2024-12-24T01:32:37+00:00\",\"breadcrumb\":{\"@id\":\"https:\\\/\\\/qr.version2.hr\\\/terms-and-conditions\\\/#breadcrumb\"},\"inLanguage\":\"hr\",\"potentialAction\":[{\"@type\":\"ReadAction\",\"target\":[\"https:\\\/\\\/qr.version2.hr\\\/terms-and-conditions\\\/\"]}]},{\"@type\":\"BreadcrumbList\",\"@id\":\"https:\\\/\\\/qr.version2.hr\\\/terms-and-conditions\\\/#breadcrumb\",\"itemListElement\":[{\"@type\":\"ListItem\",\"position\":1,\"name\":\"Home\",\"item\":\"https:\\\/\\\/qr.version2.hr\\\/\"},{\"@type\":\"ListItem\",\"position\":2,\"name\":\"Terms and Conditions\"}]},{\"@type\":\"WebSite\",\"@id\":\"https:\\\/\\\/qr.version2.hr\\\/#website\",\"url\":\"https:\\\/\\\/qr.version2.hr\\\/\",\"name\":\"QuickQR - by Version2\",\"description\":\"One scan at a time\",\"publisher\":{\"@id\":\"https:\\\/\\\/qr.version2.hr\\\/#organization\"},\"alternateName\":\"QR\",\"potentialAction\":[{\"@type\":\"SearchAction\",\"target\":{\"@type\":\"EntryPoint\",\"urlTemplate\":\"https:\\\/\\\/qr.version2.hr\\\/?s={search_term_string}\"},\"query-input\":{\"@type\":\"PropertyValueSpecification\",\"valueRequired\":true,\"valueName\":\"search_term_string\"}}],\"inLanguage\":\"hr\"},{\"@type\":\"Organization\",\"@id\":\"https:\\\/\\\/qr.version2.hr\\\/#organization\",\"name\":\"QuickQR - by Version2\",\"alternateName\":\"QR\",\"url\":\"https:\\\/\\\/qr.version2.hr\\\/\",\"logo\":{\"@type\":\"ImageObject\",\"inLanguage\":\"hr\",\"@id\":\"https:\\\/\\\/qr.version2.hr\\\/#\\\/schema\\\/logo\\\/image\\\/\",\"url\":\"https:\\\/\\\/qr.version2.hr\\\/wp-content\\\/uploads\\\/2024\\\/12\\\/QuickQR.png\",\"contentUrl\":\"https:\\\/\\\/qr.version2.hr\\\/wp-content\\\/uploads\\\/2024\\\/12\\\/QuickQR.png\",\"width\":591,\"height\":226,\"caption\":\"QuickQR - by Version2\"},\"image\":{\"@id\":\"https:\\\/\\\/qr.version2.hr\\\/#\\\/schema\\\/logo\\\/image\\\/\"}}]}<\/script>\n<!-- \/ Yoast SEO plugin. -->","yoast_head_json":{"title":"Uvjeti | QuickQR - prema verziji 2","robots":{"index":"noindex","follow":"follow"},"og_locale":"hr_HR","og_type":"article","og_title":"Terms and Conditions | QuickQR - by Version2","og_description":"Terms and Conditions Last updated: December 24, 2024 Please read these terms and conditions carefully before using Our Service. Interpretation [&hellip;]","og_url":"https:\/\/qr.version2.hr\/hr\/odredbe-i-uvjeti\/","og_site_name":"QuickQR - by Version2","article_modified_time":"2024-12-24T01:32:37+00:00","og_image":[{"width":591,"height":226,"url":"https:\/\/qr.version2.hr\/wp-content\/uploads\/2024\/12\/QuickQR.png","type":"image\/png"}],"twitter_card":"summary_large_image","twitter_misc":{"Procijenjeno vrijeme \u010ditanja":"8 minuta"},"schema":{"@context":"https:\/\/schema.org","@graph":[{"@type":"WebPage","@id":"https:\/\/qr.version2.hr\/terms-and-conditions\/","url":"https:\/\/qr.version2.hr\/terms-and-conditions\/","name":"Uvjeti | QuickQR - prema verziji 2","isPartOf":{"@id":"https:\/\/qr.version2.hr\/#website"},"datePublished":"2024-12-24T01:32:13+00:00","dateModified":"2024-12-24T01:32:37+00:00","breadcrumb":{"@id":"https:\/\/qr.version2.hr\/terms-and-conditions\/#breadcrumb"},"inLanguage":"hr","potentialAction":[{"@type":"ReadAction","target":["https:\/\/qr.version2.hr\/terms-and-conditions\/"]}]},{"@type":"BreadcrumbList","@id":"https:\/\/qr.version2.hr\/terms-and-conditions\/#breadcrumb","itemListElement":[{"@type":"ListItem","position":1,"name":"Home","item":"https:\/\/qr.version2.hr\/"},{"@type":"ListItem","position":2,"name":"Terms and Conditions"}]},{"@type":"WebSite","@id":"https:\/\/qr.version2.hr\/#website","url":"https:\/\/qr.version2.hr\/","name":"QuickQR - by Version2","description":"Jedno po jedno skeniranje","publisher":{"@id":"https:\/\/qr.version2.hr\/#organization"},"alternateName":"QR","potentialAction":[{"@type":"SearchAction","target":{"@type":"EntryPoint","urlTemplate":"https:\/\/qr.version2.hr\/?s={search_term_string}"},"query-input":{"@type":"PropertyValueSpecification","valueRequired":true,"valueName":"search_term_string"}}],"inLanguage":"hr"},{"@type":"Organization","@id":"https:\/\/qr.version2.hr\/#organization","name":"QuickQR - by Version2","alternateName":"QR","url":"https:\/\/qr.version2.hr\/","logo":{"@type":"ImageObject","inLanguage":"hr","@id":"https:\/\/qr.version2.hr\/#\/schema\/logo\/image\/","url":"https:\/\/qr.version2.hr\/wp-content\/uploads\/2024\/12\/QuickQR.png","contentUrl":"https:\/\/qr.version2.hr\/wp-content\/uploads\/2024\/12\/QuickQR.png","width":591,"height":226,"caption":"QuickQR - by Version2"},"image":{"@id":"https:\/\/qr.version2.hr\/#\/schema\/logo\/image\/"}}]}},"_links":{"self":[{"href":"https:\/\/qr.version2.hr\/hr\/wp-json\/wp\/v2\/pages\/536","targetHints":{"allow":["GET"]}}],"collection":[{"href":"https:\/\/qr.version2.hr\/hr\/wp-json\/wp\/v2\/pages"}],"about":[{"href":"https:\/\/qr.version2.hr\/hr\/wp-json\/wp\/v2\/types\/page"}],"author":[{"embeddable":true,"href":"https:\/\/qr.version2.hr\/hr\/wp-json\/wp\/v2\/users\/1"}],"replies":[{"embeddable":true,"href":"https:\/\/qr.version2.hr\/hr\/wp-json\/wp\/v2\/comments?post=536"}],"version-history":[{"count":1,"href":"https:\/\/qr.version2.hr\/hr\/wp-json\/wp\/v2\/pages\/536\/revisions"}],"predecessor-version":[{"id":537,"href":"https:\/\/qr.version2.hr\/hr\/wp-json\/wp\/v2\/pages\/536\/revisions\/537"}],"wp:attachment":[{"href":"https:\/\/qr.version2.hr\/hr\/wp-json\/wp\/v2\/media?parent=536"}],"curies":[{"name":"radni list","href":"https:\/\/api.w.org\/{rel}","templated":true}]}}